{"id":6400,"date":"2025-04-17T14:11:24","date_gmt":"2023-06-28T11:24:14","guid":{"rendered":"https:\/\/e-hellenikon.com\/?post_type=product&#038;p=6400"},"modified":"2026-01-09T17:56:06","modified_gmt":"2026-01-09T15:56:06","slug":"valmor-elegance-womens-perfume","status":"publish","type":"product","link":"https:\/\/e-hellenikon.com\/en\/shop\/perfumes\/women-perfumes\/valmor-elegance-womens-perfume\/","title":{"rendered":"Valmor \u00c9l\u00e9gance &#8211; Women&#8217;s Perfume"},"content":{"rendered":"","protected":false},"excerpt":{"rendered":"<p>Valmor \u00c9l\u00e9gance is a floral fragrance for women. Top notes are lemon, mandarin orange, passion fruit, peach and Pergamot, middle notes are Honeysuckle, jasmine, magnolia, freesia, water lily, orange blossom, peony and may rose, base notes are vanilla, sandalwood, amber, vetiver and patchouli. * All colognes come with a paper gift box.<\/p>\n","protected":false},"featured_media":3599,"template":"","meta":[],"etheme_brands":[],"product_brand":[],"product_cat":[692],"product_tag":[],"class_list":{"0":"post-6400","1":"product","2":"type-product","3":"status-publish","4":"has-post-thumbnail","6":"product_cat-women-perfumes","8":"first","9":"instock","10":"taxable","11":"shipping-taxable","12":"purchasable","13":"product-type-variable"},"jetpack_sharing_enabled":true,"_links":{"self":[{"href":"https:\/\/e-hellenikon.com\/en\/wp-json\/wp\/v2\/product\/6400","targetHints":{"allow":["GET"]}}],"collection":[{"href":"https:\/\/e-hellenikon.com\/en\/wp-json\/wp\/v2\/product"}],"about":[{"href":"https:\/\/e-hellenikon.com\/en\/wp-json\/wp\/v2\/types\/product"}],"wp:featuredmedia":[{"embeddable":true,"href":"https:\/\/e-hellenikon.com\/en\/wp-json\/wp\/v2\/media\/3599"}],"wp:attachment":[{"href":"https:\/\/e-hellenikon.com\/en\/wp-json\/wp\/v2\/media?parent=6400"}],"wp:term":[{"taxonomy":"brand","embeddable":true,"href":"https:\/\/e-hellenikon.com\/en\/wp-json\/wp\/v2\/etheme_brands?post=6400"},{"taxonomy":"product_brand","embeddable":true,"href":"https:\/\/e-hellenikon.com\/en\/wp-json\/wp\/v2\/product_brand?post=6400"},{"taxonomy":"product_cat","embeddable":true,"href":"https:\/\/e-hellenikon.com\/en\/wp-json\/wp\/v2\/product_cat?post=6400"},{"taxonomy":"product_tag","embeddable":true,"href":"https:\/\/e-hellenikon.com\/en\/wp-json\/wp\/v2\/product_tag?post=6400"}],"curies":[{"name":"wp","href":"https:\/\/api.w.org\/{rel}","templated":true}]}}